{"id":34,"date":"2025-09-16T15:55:02","date_gmt":"2025-09-16T13:55:02","guid":{"rendered":"https:\/\/beta.monocab.de\/?page_id=34"},"modified":"2026-03-25T16:20:13","modified_gmt":"2026-03-25T15:20:13","slug":"system","status":"publish","type":"page","link":"https:\/\/monocab-system.com\/en\/system\/","title":{"rendered":"System"},"content":{"rendered":"<section id=\"block_47291810d6baef49f0477b17f8930a31\" class=\"block block-banner nuevo--block-banner background-color-block_bg__38c1071b07afd5eb32fa5b8d37af99fa\" background=\"block_bg__38c1071b07afd5eb32fa5b8d37af99fa\">\n<div class=\"slick__slider height-content hasOverlay\" options=\"{&quot;option_pagination&quot;:false,&quot;option_fade&quot;:false,&quot;option_fade__speed&quot;:500,&quot;option_fade__effect&quot;:&quot;linear&quot;,&quot;option_autoplay&quot;:false,&quot;option_autoplay__speed&quot;:500}\">\n    \n        \n                    <div class=\"slick__slide\">\n\n                \n                    <figure class=\"img\"><img src=\"https:\/\/monocab-system.com\/wp-content\/uploads\/2025\/09\/20230911-IMG_7286-scaled-1.jpg\" alt=\"20230911-IMG_7286-scaled\" class=\"\" loading=\"lazy\" decoding=\"async\" title=\"20230911-IMG_7286-scaled\" srcset=\"https:\/\/monocab-system.com\/wp-content\/uploads\/2025\/09\/20230911-IMG_7286-scaled-1-300x200.jpg 300w, https:\/\/monocab-system.com\/wp-content\/uploads\/2025\/09\/20230911-IMG_7286-scaled-1-1024x683.jpg 1024w, https:\/\/monocab-system.com\/wp-content\/uploads\/2025\/09\/20230911-IMG_7286-scaled-1-768x512.jpg 768w, https:\/\/monocab-system.com\/wp-content\/uploads\/2025\/09\/20230911-IMG_7286-scaled-1-1536x1024.jpg 1536w, https:\/\/monocab-system.com\/wp-content\/uploads\/2025\/09\/20230911-IMG_7286-scaled-1-2048x1366.jpg 2048w\" width=\"2560\" height=\"1707\" \/><\/figure>\n                \n                <div class=\"banner-content align-center-left content\"><div class=\"banner-content-inner cw-50\"><h1>National importance<\/h1><\/div><\/div>\n            <\/div>\n        \n    <\/div>\n\n<\/section>\n\n<section id=\"block_e7b8c0abee54fe82edc99ebf7939c8a9\" class=\"block block-text-and-image nuevo--block-text-and-image background-color-block_bg__c8ab73585911b27b04e0a7899a813464 noPadding\" background=\"block_bg__c8ab73585911b27b04e0a7899a813464\" data-scroll-effect=\"slide-left\" data-scroll-delay=\"0.2s\">\n<div class=\"text-image_wrapper\" direction=\"image-text\" layout=\"viewport\">\n\n    \n    <div class=\"content-container\">\n        <div class=\"gridWrapper animated-scrolling\">\n\n                <div class=\"grid grid-ms-1-2\">\n        <div class=\"grid-content gc-image\">\n            <figure class=\"img-wrap\"><img src=\"https:\/\/monocab-system.com\/wp-content\/uploads\/2025\/09\/20230905-IMG_6952.webp\" alt=\"20230905-IMG_6952\" class=\"nuevo-image img\" loading=\"lazy\" decoding=\"async\" title=\"20230905-IMG_6952\" srcset=\"https:\/\/monocab-system.com\/wp-content\/uploads\/2025\/09\/20230905-IMG_6952-300x200.webp 300w, https:\/\/monocab-system.com\/wp-content\/uploads\/2025\/09\/20230905-IMG_6952-1024x682.webp 1024w, https:\/\/monocab-system.com\/wp-content\/uploads\/2025\/09\/20230905-IMG_6952-768x512.webp 768w, https:\/\/monocab-system.com\/wp-content\/uploads\/2025\/09\/20230905-IMG_6952-1536x1024.webp 1536w, https:\/\/monocab-system.com\/wp-content\/uploads\/2025\/09\/20230905-IMG_6952.webp 2000w\" width=\"2000\" height=\"1333\" \/><\/figure>        <\/div>\n    <\/div>\n        <div class=\"grid grid-ms-1-2\">\n        <div class=\"grid-content gc-text\">\n                        <div class=\"text\">\n                <h2>National importance<\/h2>\n<h4>\u2013 aus NRW<\/h4>\n<p>Das MONOCAB zeigt, welche wirtschaftliche und innovative Kraft in NRW steckt. Das Fahrzeug soll am Wirtschaftsstandort NRW entwickelt und produziert werden \u2013 als Teil der Transformation des Standortes \u201eAutoindustrie\u201c hin zu einer Industrie 5.0 mit \u201eMobility-as-a-Service\u201c.<\/p>\n<p>Es wird NRW, beginnend im Kreis Lippe und der Region OWL, zu einem weltweiten Vorreiter f\u00fcr sinnvoll reaktivierte Mobilit\u00e4t als Daseinsf\u00fcrsorge auf dem Land machen. Dazu braucht es das Neue \u2013 und trotzdem ins Alte eingef\u00fcgte: Vorhandene Strecken m\u00fcssen erhalten bleiben. Denn es sind M\u00f6glichkeitsr\u00e4ume f\u00fcr Formen der integrativen Mobilit\u00e4t. Auch solche, die wir jetzt noch nicht kennen!<\/p>\n<p>Denn sind sie mobil, bleiben die Menschen (und fahren weniger Auto). Und dann kommen neue Leute, etwa Fachkr\u00e4fte f\u00fcr die vielen Unternehmen auf dem Land, darunter auch Hidden Champions.<\/p>\n<p>Damit ist das MONOCAB auch ein Projekt von nationaler Bedeutung \u2013 mit guten Chancen auf internationale Wirkung! Das Projekt ist wegweisend f\u00fcr \u00e4hnliche Regionen \u00fcberall auf der Welt.<\/p>\n<p>&nbsp;<\/p>\n<ul>\n<li>\u201eSolutions for complex mobility\u201c made in NRW<\/li>\n<li>\u201eDie gro\u00dfe Zukunft auf dem Land\u201c<\/li>\n<li>Steigern der Attraktivit\u00e4t des l\u00e4ndlichen Raums<\/li>\n<li>Nachhaltige, effiziente und attraktive Mobilit\u00e4tsinfrastruktur<\/li>\n<li>Ausgerichtet auf die Bed\u00fcrfnisse der Bev\u00f6lkerung im l\u00e4ndlichen Raum<\/li>\n<li>Soziale Gerechtigkeit, Generationengerechtigkeit, Inklusion<\/li>\n<li>Ziel: \u201eOhne eigenes Auto auf dem Land leben k\u00f6nnen\u201c \u2013 auch f\u00fcr zuk\u00fcnftige Generationen<\/li>\n<\/ul>\n            <\/div>\n                    <\/div>\n    <\/div>\n    \n        <\/div>\n    <\/div>\n<\/div><\/section>\n\n<section id=\"block_8c0df8c372fceb7c09ecba5a9d548db3\" class=\"block block-text-and-image nuevo--block-text-and-image background-color-block_bg__c8ab73585911b27b04e0a7899a813464 noPadding\" background=\"block_bg__c8ab73585911b27b04e0a7899a813464\" data-scroll-effect=\"slide-right\" data-scroll-delay=\"0.2s\">\n<div class=\"text-image_wrapper\" direction=\"text-image\" layout=\"viewport\">\n\n    \n    <div class=\"content-container\">\n        <div class=\"gridWrapper animated-scrolling\">\n\n                <div class=\"grid grid-ms-1-2\">\n        <div class=\"grid-content gc-text\">\n                            <h2 class=\"like-h3\">Businessmodell und Investitionschance<\/h2>\n                        <div class=\"text\">\n                <p>Sie d\u00fcrfen bald einsteigen. Aber erst mal steigen wir ins Gesch\u00e4ft ein \u2013 und Sie k\u00f6nnen mitwirken. Ob als Unternehmer, Investor oder sogar zuk\u00fcnftiger Betreiber in eigenen Formaten!<\/p>\n<p>Denn aus dem Forschungsvorhaben soll ein Unternehmen werden, das das Produkt und die dazugeh\u00f6rigen Dienstleistungen anbietet: das Fahrzeug und das Betreibermodell sowie ein Betriebskonzept f\u00fcr die Reaktivierung von Strecken im l\u00e4ndlichen Raum.<\/p>\n<p>Ein neues Start-up soll das MONOCAB vermarkten: Die Idee soll nicht nur in NRW Schule machen, sondern ein Modell f\u00fcr alle l\u00e4ndlichen R\u00e4ume in ganz Deutschland werden.<\/p>\n<p>Dieses Projekt von nationaler Bedeutung f\u00e4hrt voraus und braucht weitere Sinnstifter. F\u00fcr die sinnvolle Nutzung dessen, was bereits da ist. F\u00fcr die Verbindung der Vorteile von Individual- und \u00f6ffentlichem Verkehr. Und f\u00fcr die Ausrichtung auf soziale Gerechtigkeit, Generationengerechtigkeit und Inklusion. So gut wie das eigene Auto: made in NRW, tested in OWL.<\/p>\n<p>Sie sind herzlich eingeladen zuzusteigen! Gestalten wir die gro\u00dfe Zukunft auf dem Land gemeinsam!<\/p>\n<p>&nbsp;<\/p>\n<ul>\n<li>IPNV als Br\u00fccke zum \u00d6PNV<\/li>\n<li>Campusbahn am Innovation Campus Lemgo (ICL) als Anschauungsobjekt<\/li>\n<li>Shuttle im Zukunftsgarten Dortmund, Internationale Gartenausstellung Metropole Ruhr 2027<\/li>\n<li>Werksverkehre<\/li>\n<li>Kleing\u00fctertransporte<\/li>\n<li>Baustellenverkehre (z.B. im Tunnelbau)<\/li>\n<li>Innovationstourismus<\/li>\n<\/ul>\n            <\/div>\n                    <\/div>\n    <\/div>\n        <div class=\"grid grid-ms-1-2\">\n        <div class=\"grid-content gc-image\">\n            <figure class=\"img-wrap\"><img src=\"https:\/\/monocab-system.com\/wp-content\/uploads\/2025\/09\/20230905-IMG_7183.webp\" alt=\"20230905-IMG_7183\" class=\"nuevo-image img\" loading=\"lazy\" decoding=\"async\" title=\"20230905-IMG_7183\" srcset=\"https:\/\/monocab-system.com\/wp-content\/uploads\/2025\/09\/20230905-IMG_7183-300x200.webp 300w, https:\/\/monocab-system.com\/wp-content\/uploads\/2025\/09\/20230905-IMG_7183-1024x682.webp 1024w, https:\/\/monocab-system.com\/wp-content\/uploads\/2025\/09\/20230905-IMG_7183-768x512.webp 768w, https:\/\/monocab-system.com\/wp-content\/uploads\/2025\/09\/20230905-IMG_7183-1536x1024.webp 1536w, https:\/\/monocab-system.com\/wp-content\/uploads\/2025\/09\/20230905-IMG_7183.webp 2000w\" width=\"2000\" height=\"1333\" \/><\/figure>        <\/div>\n    <\/div>\n    \n        <\/div>\n    <\/div>\n<\/div><\/section>\n\n<section id=\"block_621736f75866405c0ccc7196f384bb94\" class=\"block block-text-and-image nuevo--block-text-and-image background-color-block_bg__c8ab73585911b27b04e0a7899a813464 noPadding\" background=\"block_bg__c8ab73585911b27b04e0a7899a813464\" data-scroll-effect=\"slide-left\" data-scroll-delay=\"0.2s\">\n<div class=\"text-image_wrapper\" direction=\"image-text\" layout=\"viewport\">\n\n    \n    <div class=\"content-container\">\n        <div class=\"gridWrapper animated-scrolling\">\n\n                <div class=\"grid grid-ms-1-2\">\n        <div class=\"grid-content gc-image\">\n            <figure class=\"img-wrap\"><img src=\"https:\/\/monocab-system.com\/wp-content\/uploads\/2025\/09\/03_interior.jpg\" alt=\"03_interior\" class=\"nuevo-image img\" loading=\"lazy\" decoding=\"async\" title=\"03_interior\" srcset=\"https:\/\/monocab-system.com\/wp-content\/uploads\/2025\/09\/03_interior-300x169.jpg 300w, https:\/\/monocab-system.com\/wp-content\/uploads\/2025\/09\/03_interior-1024x576.jpg 1024w, https:\/\/monocab-system.com\/wp-content\/uploads\/2025\/09\/03_interior-768x432.jpg 768w, https:\/\/monocab-system.com\/wp-content\/uploads\/2025\/09\/03_interior-1536x864.jpg 1536w, https:\/\/monocab-system.com\/wp-content\/uploads\/2025\/09\/03_interior.jpg 1920w\" width=\"1920\" height=\"1080\" \/><\/figure>        <\/div>\n    <\/div>\n        <div class=\"grid grid-ms-1-2\">\n        <div class=\"grid-content gc-text\">\n                            <h2 class=\"like-h3\">SROI statt ROI<\/h2>\n                        <div class=\"text\">\n                <p>Im Gegensatz zu \u00e4hnlichen Technologieprojekten geht es beim MONOCAB nicht um innovative Fortbewegung, die eine finanzielle Rendite erwirtschaften soll. Es geht um die Demokratisierung der Mobilit\u00e4t im l\u00e4ndlichen Raum. Um Nutzung des Ungenutzen. Um Ressourcenschonung und Nachhaltigkeit. Um staatliche Daseinsvorsorge. Um Gemeinwohlrendite statt Eigenwirtschaftlichkeit. Um SROI (social return on investment) statt ROI (return on investment).<\/p>\n<p>dient nicht nur als Mobilit\u00e4tsl\u00f6sung, sondern auch als Innovationsmotor f\u00fcr den l\u00e4ndlichen Raum \u2013 mit positiven wirtschaftliche Auswirkungen auf die Region als Innovationszentrum. Ein gutes Beispiel daf\u00fcr: der zu erwartende \u201eInnovationstourismus\u201c \u2013 ein selbstinduzierter Verkehr, wenn das System erstmalig zum Einsatz kommt. Hei\u00dft: G\u00e4ste werden aufs Land kommen, nur um das MONOCAB auszuprobieren.<\/p>\n<p>&nbsp;<\/p>\n<ul>\n<li>Soziale Teilhabe und Inklusion: barrierefreie Gestaltung f\u00fcr Menschen mit eingeschr\u00e4nkter Mobilit\u00e4t<\/li>\n<li>Generationengerechtigkeit: alle Altersgruppen profitieren gleicherma\u00dfen vom effizienten und flexiblen Verkehrssystem<\/li>\n<li>Wirtschaftliche Impulse: eine Mobilit\u00e4tsl\u00f6sung als Innovationsmotor f\u00fcr l\u00e4ndliche Regionen<\/li>\n<li>F\u00f6rderung nachhaltiger Mobilit\u00e4t: Daseinsvorsorge durch die Grundversorgung mit Mobilit\u00e4t in l\u00e4ndlichen Regionen<\/li>\n<li>Integration in bestehende Mobilit\u00e4tsketten: Mobilit\u00e4tsl\u00fccken werden geschlossen, ein nahtloser \u00dcbergang zwischen verschiedenen Verkehrsmitteln wird m\u00f6glich<\/li>\n<\/ul>\n            <\/div>\n                    <\/div>\n    <\/div>\n    \n        <\/div>\n    <\/div>\n<\/div><\/section>","protected":false},"excerpt":{"rendered":"","protected":false},"author":1,"featured_media":0,"parent":0,"menu_order":20,"comment_status":"closed","ping_status":"closed","template":"","meta":{"_acf_changed":false,"footnotes":""},"class_list":["post-34","page","type-page","status-publish","hentry"],"acf":[],"yoast_head":"<!-- This site is optimized with the Yoast SEO plugin v27.2 - https:\/\/yoast.com\/product\/yoast-seo-wordpress\/ -->\n<title>System - MONOCAB System<\/title>\n<meta name=\"robots\" content=\"index, follow, max-snippet:-1, max-image-preview:large, max-video-preview:-1\" \/>\n<link rel=\"canonical\" href=\"https:\/\/monocab-system.com\/en\/system\/\" \/>\n<meta property=\"og:locale\" content=\"en_GB\" \/>\n<meta property=\"og:type\" content=\"article\" \/>\n<meta property=\"og:title\" content=\"System - MONOCAB System\" \/>\n<meta property=\"og:url\" content=\"https:\/\/monocab-system.com\/en\/system\/\" \/>\n<meta property=\"og:site_name\" content=\"MONOCAB System\" \/>\n<meta property=\"article:publisher\" content=\"https:\/\/www.facebook.com\/monocabowl\" \/>\n<meta property=\"article:modified_time\" content=\"2026-03-25T15:20:13+00:00\" \/>\n<meta name=\"twitter:card\" content=\"summary_large_image\" \/>\n<script type=\"application\/ld+json\" class=\"yoast-schema-graph\">{\"@context\":\"https:\/\/schema.org\",\"@graph\":[{\"@type\":\"WebPage\",\"@id\":\"https:\/\/monocab-system.com\/system\/\",\"url\":\"https:\/\/monocab-system.com\/system\/\",\"name\":\"System - MONOCAB System\",\"isPartOf\":{\"@id\":\"https:\/\/monocab-system.com\/en\/#website\"},\"datePublished\":\"2025-09-16T13:55:02+00:00\",\"dateModified\":\"2026-03-25T15:20:13+00:00\",\"breadcrumb\":{\"@id\":\"https:\/\/monocab-system.com\/system\/#breadcrumb\"},\"inLanguage\":\"en-GB\",\"potentialAction\":[{\"@type\":\"ReadAction\",\"target\":[\"https:\/\/monocab-system.com\/system\/\"]}]},{\"@type\":\"BreadcrumbList\",\"@id\":\"https:\/\/monocab-system.com\/system\/#breadcrumb\",\"itemListElement\":[{\"@type\":\"ListItem\",\"position\":1,\"name\":\"Start\",\"item\":\"https:\/\/monocab-system.com\/\"},{\"@type\":\"ListItem\",\"position\":2,\"name\":\"System\"}]},{\"@type\":\"WebSite\",\"@id\":\"https:\/\/monocab-system.com\/en\/#website\",\"url\":\"https:\/\/monocab-system.com\/en\/\",\"name\":\"MONOCAB System\",\"description\":\"Wagen wir es vorauszu\u00addenken!\",\"publisher\":{\"@id\":\"https:\/\/monocab-system.com\/en\/#organization\"},\"potentialAction\":[{\"@type\":\"SearchAction\",\"target\":{\"@type\":\"EntryPoint\",\"urlTemplate\":\"https:\/\/monocab-system.com\/en\/?s={search_term_string}\"},\"query-input\":{\"@type\":\"PropertyValueSpecification\",\"valueRequired\":true,\"valueName\":\"search_term_string\"}}],\"inLanguage\":\"en-GB\"},{\"@type\":\"Organization\",\"@id\":\"https:\/\/monocab-system.com\/en\/#organization\",\"name\":\"MONOCAB System\",\"url\":\"https:\/\/monocab-system.com\/en\/\",\"logo\":{\"@type\":\"ImageObject\",\"inLanguage\":\"en-GB\",\"@id\":\"https:\/\/monocab-system.com\/en\/#\/schema\/logo\/image\/\",\"url\":\"https:\/\/monocab-system.com\/wp-content\/uploads\/2026\/03\/monocab_logo.svg\",\"contentUrl\":\"https:\/\/monocab-system.com\/wp-content\/uploads\/2026\/03\/monocab_logo.svg\",\"width\":100,\"height\":100,\"caption\":\"MONOCAB System\"},\"image\":{\"@id\":\"https:\/\/monocab-system.com\/en\/#\/schema\/logo\/image\/\"},\"sameAs\":[\"https:\/\/www.facebook.com\/monocabowl\",\"https:\/\/www.instagram.com\/monocabsystem\/\",\"https:\/\/www.youtube.com\/@monocabowl\",\"https:\/\/www.linkedin.com\/company\/monocab-owl\/\"]}]}<\/script>\n<!-- \/ Yoast SEO plugin. -->","yoast_head_json":{"title":"System - MONOCAB System","robots":{"index":"index","follow":"follow","max-snippet":"max-snippet:-1","max-image-preview":"max-image-preview:large","max-video-preview":"max-video-preview:-1"},"canonical":"https:\/\/monocab-system.com\/en\/system\/","og_locale":"en_GB","og_type":"article","og_title":"System - MONOCAB System","og_url":"https:\/\/monocab-system.com\/en\/system\/","og_site_name":"MONOCAB System","article_publisher":"https:\/\/www.facebook.com\/monocabowl","article_modified_time":"2026-03-25T15:20:13+00:00","twitter_card":"summary_large_image","schema":{"@context":"https:\/\/schema.org","@graph":[{"@type":"WebPage","@id":"https:\/\/monocab-system.com\/system\/","url":"https:\/\/monocab-system.com\/system\/","name":"System - MONOCAB System","isPartOf":{"@id":"https:\/\/monocab-system.com\/en\/#website"},"datePublished":"2025-09-16T13:55:02+00:00","dateModified":"2026-03-25T15:20:13+00:00","breadcrumb":{"@id":"https:\/\/monocab-system.com\/system\/#breadcrumb"},"inLanguage":"en-GB","potentialAction":[{"@type":"ReadAction","target":["https:\/\/monocab-system.com\/system\/"]}]},{"@type":"BreadcrumbList","@id":"https:\/\/monocab-system.com\/system\/#breadcrumb","itemListElement":[{"@type":"ListItem","position":1,"name":"Start","item":"https:\/\/monocab-system.com\/"},{"@type":"ListItem","position":2,"name":"System"}]},{"@type":"WebSite","@id":"https:\/\/monocab-system.com\/en\/#website","url":"https:\/\/monocab-system.com\/en\/","name":"MONOCAB system","description":"Let's dare to think ahead!","publisher":{"@id":"https:\/\/monocab-system.com\/en\/#organization"},"potentialAction":[{"@type":"SearchAction","target":{"@type":"EntryPoint","urlTemplate":"https:\/\/monocab-system.com\/en\/?s={search_term_string}"},"query-input":{"@type":"PropertyValueSpecification","valueRequired":true,"valueName":"search_term_string"}}],"inLanguage":"en-GB"},{"@type":"Organization","@id":"https:\/\/monocab-system.com\/en\/#organization","name":"MONOCAB system","url":"https:\/\/monocab-system.com\/en\/","logo":{"@type":"ImageObject","inLanguage":"en-GB","@id":"https:\/\/monocab-system.com\/en\/#\/schema\/logo\/image\/","url":"https:\/\/monocab-system.com\/wp-content\/uploads\/2026\/03\/monocab_logo.svg","contentUrl":"https:\/\/monocab-system.com\/wp-content\/uploads\/2026\/03\/monocab_logo.svg","width":100,"height":100,"caption":"MONOCAB System"},"image":{"@id":"https:\/\/monocab-system.com\/en\/#\/schema\/logo\/image\/"},"sameAs":["https:\/\/www.facebook.com\/monocabowl","https:\/\/www.instagram.com\/monocabsystem\/","https:\/\/www.youtube.com\/@monocabowl","https:\/\/www.linkedin.com\/company\/monocab-owl\/"]}]}},"_links":{"self":[{"href":"https:\/\/monocab-system.com\/en\/wp-json\/wp\/v2\/pages\/34","targetHints":{"allow":["GET"]}}],"collection":[{"href":"https:\/\/monocab-system.com\/en\/wp-json\/wp\/v2\/pages"}],"about":[{"href":"https:\/\/monocab-system.com\/en\/wp-json\/wp\/v2\/types\/page"}],"author":[{"embeddable":true,"href":"https:\/\/monocab-system.com\/en\/wp-json\/wp\/v2\/users\/1"}],"replies":[{"embeddable":true,"href":"https:\/\/monocab-system.com\/en\/wp-json\/wp\/v2\/comments?post=34"}],"version-history":[{"count":48,"href":"https:\/\/monocab-system.com\/en\/wp-json\/wp\/v2\/pages\/34\/revisions"}],"predecessor-version":[{"id":1549,"href":"https:\/\/monocab-system.com\/en\/wp-json\/wp\/v2\/pages\/34\/revisions\/1549"}],"wp:attachment":[{"href":"https:\/\/monocab-system.com\/en\/wp-json\/wp\/v2\/media?parent=34"}],"curies":[{"name":"wp","href":"https:\/\/api.w.org\/{rel}","templated":true}]}}